{"id":15347,"date":"2023-06-13T09:54:31","date_gmt":"2023-06-13T09:54:31","guid":{"rendered":"https:\/\/institute.projera.com\/?page_id=15347"},"modified":"2023-06-13T14:53:37","modified_gmt":"2023-06-13T14:53:37","slug":"dincer-ozturan","status":"publish","type":"page","link":"https:\/\/institute.projera.com\/en\/dincer-ozturan\/","title":{"rendered":"Din\u00e7er \u00d6zturan"},"content":{"rendered":"<!DOCTYPE html PUBLIC \"-\/\/W3C\/\/DTD HTML 4.0 Transitional\/\/EN\" \"http:\/\/www.w3.org\/TR\/REC-html40\/loose.dtd\">\n<html><body><div data-elementor-type=\"wp-page\" data-elementor-id=\"15347\" class=\"elementor elementor-15347 elementor-15346\" data-elementor-post-type=\"page\">\n\t\t\t\t\t\t<section class=\"elementor-section elementor-top-section elementor-element elementor-element-f60bd6f bg elementor-section-boxed elementor-section-height-default elementor-section-height-default\" data-id=\"f60bd6f\" data-element_type=\"section\" data-settings='{\"background_background\":\"gradient\",\"shape_divider_bottom\":\"tilt\"}'>\n\t\t\t\t\t<div class=\"elementor-shape elementor-shape-bottom\" aria-hidden=\"true\" data-negative=\"false\">\n\t\t\t<svg xmlns=\"http:\/\/www.w3.org\/2000\/svg\" viewbox=\"0 0 1000 100\" preserveaspectratio=\"none\">\n\t<path class=\"elementor-shape-fill\" d=\"M0,6V0h1000v100L0,6z\"><\/path>\n<\/svg>\t\t<\/div>\n\t\t\t\t\t<div class=\"elementor-container elementor-column-gap-default\">\n\t\t\t\t\t<div class=\"elementor-column elementor-col-100 elementor-top-column elementor-element elementor-element-38f5d25\" data-id=\"38f5d25\" data-element_type=\"column\">\n\t\t\t<div class=\"elementor-widget-wrap elementor-element-populated\">\n\t\t\t\t\t\t<div class=\"elementor-element elementor-element-f6cdcab elementor-widget elementor-widget-hub_fancy_heading\" data-id=\"f6cdcab\" data-element_type=\"widget\" data-widget_type=\"hub_fancy_heading.default\">\n\t\t\t\t<div class=\"elementor-widget-container\">\n\t\t\t\t\t\n\t\t<div id=\"ld-fancy-heading-69d484c8682dc\" class=\"ld-fancy-heading pos-rel\">\n\t\t\t<h1 class=\"ld-fh-element d-inline-block pos-rel  elementor-heading-title lqd-highlight-classic lqd-highlight-grow-left h1\"> Din&ccedil;er &Ouml;zturan<\/h1>\t\t<\/div>\n\n\t\t\t\t\t\t<\/div>\n\t\t\t\t<\/div>\n\t\t\t\t\t<\/div>\n\t\t<\/div>\n\t\t\t\t\t<\/div>\n\t\t<\/section>\n\t\t\t\t<section class=\"elementor-section elementor-top-section elementor-element elementor-element-2b2ca89 elementor-section-content-middle elementor-section-boxed elementor-section-height-default elementor-section-height-default\" data-id=\"2b2ca89\" data-element_type=\"section\">\n\t\t\t\t\t\t<div class=\"elementor-container elementor-column-gap-default\">\n\t\t\t\t\t<div class=\"elementor-column elementor-col-50 elementor-top-column elementor-element elementor-element-bdbe2fc\" data-id=\"bdbe2fc\" data-element_type=\"column\">\n\t\t\t<div class=\"elementor-widget-wrap elementor-element-populated\">\n\t\t\t\t\t\t<div class=\"elementor-element elementor-element-00aa899 elementor-widget__width-initial animated-slow elementor-invisible elementor-widget elementor-widget-image\" data-id=\"00aa899\" data-element_type=\"widget\" data-settings='{\"_animation\":\"fadeIn\"}' data-widget_type=\"image.default\">\n\t\t\t\t<div class=\"elementor-widget-container\">\n\t\t\t\t\t\t\t\t\t\t\t\t\t\t\t<img fetchpriority=\"high\" decoding=\"async\" width=\"500\" height=\"500\" src=\"https:\/\/institute.projera.com\/wp-content\/uploads\/2022\/11\/Dincer-Ozturan.webp\" class=\"attachment-full size-full wp-image-14209\" alt=\"Din&ccedil;er &Ouml;zturan\" srcset=\"https:\/\/institute.projera.com\/wp-content\/uploads\/2022\/11\/Dincer-Ozturan.webp 500w, https:\/\/institute.projera.com\/wp-content\/uploads\/2022\/11\/Dincer-Ozturan-300x300.webp 300w, https:\/\/institute.projera.com\/wp-content\/uploads\/2022\/11\/Dincer-Ozturan-150x150.webp 150w, https:\/\/institute.projera.com\/wp-content\/uploads\/2022\/11\/Dincer-Ozturan-320x320.webp 320w\" sizes=\"(max-width: 500px) 100vw, 500px\">\t\t\t\t\t\t\t\t\t\t\t\t\t\t\t<\/div>\n\t\t\t\t<\/div>\n\t\t\t\t\t<\/div>\n\t\t<\/div>\n\t\t\t\t<div class=\"elementor-column elementor-col-50 elementor-top-column elementor-element elementor-element-0e1fcb7\" data-id=\"0e1fcb7\" data-element_type=\"column\">\n\t\t\t<div class=\"elementor-widget-wrap elementor-element-populated\">\n\t\t\t\t\t\t<div class=\"elementor-element elementor-element-e8a8b84 elementor-widget elementor-widget-hub_fancy_heading\" data-id=\"e8a8b84\" data-element_type=\"widget\" data-widget_type=\"hub_fancy_heading.default\">\n\t\t\t\t<div class=\"elementor-widget-container\">\n\t\t\t\t\t\n\t\t<div id=\"ld-fancy-heading-69d484c86866c\" class=\"ld-fancy-heading pos-rel\">\n\t\t\t<h2 class=\"ld-fh-element d-inline-block pos-rel  elementor-heading-title lqd-highlight-classic lqd-highlight-grow-left h2\"> Din&ccedil;er &Ouml;zturan<\/h2>\t\t<\/div>\n\n\t\t\t\t\t\t<\/div>\n\t\t\t\t<\/div>\n\t\t\t\t<div class=\"elementor-element elementor-element-77bd98a elementor-widget elementor-widget-hub_fancy_heading\" data-id=\"77bd98a\" data-element_type=\"widget\" data-widget_type=\"hub_fancy_heading.default\">\n\t\t\t\t<div class=\"elementor-widget-container\">\n\t\t\t\t\t\n\t\t<div id=\"ld-fancy-heading-69d484c868873\" class=\"ld-fancy-heading pos-rel\">\n\t\t\t<h2 class=\"ld-fh-element d-inline-block pos-rel  elementor-heading-title lqd-highlight-classic lqd-highlight-grow-left h2\"> Enterprise Transformation Expert &amp; Agile Coach | CEO<\/h2>\t\t<\/div>\n\n\t\t\t\t\t\t<\/div>\n\t\t\t\t<\/div>\n\t\t\t\t<div class=\"elementor-element elementor-element-a08969a elementor-widget-divider--view-line elementor-widget elementor-widget-divider\" data-id=\"a08969a\" data-element_type=\"widget\" data-widget_type=\"divider.default\">\n\t\t\t\t<div class=\"elementor-widget-container\">\n\t\t\t\t\t\t\t<div class=\"elementor-divider\">\n\t\t\t<span class=\"elementor-divider-separator\">\n\t\t\t\t\t\t<\/span>\n\t\t<\/div>\n\t\t\t\t\t\t<\/div>\n\t\t\t\t<\/div>\n\t\t\t\t<section class=\"elementor-section elementor-inner-section elementor-element elementor-element-e882a13 elementor-section-content-middle elementor-section-boxed elementor-section-height-default elementor-section-height-default\" data-id=\"e882a13\" data-element_type=\"section\">\n\t\t\t\t\t\t<div class=\"elementor-container elementor-column-gap-narrow\">\n\t\t\t\t\t<div class=\"elementor-column elementor-col-50 elementor-inner-column elementor-element elementor-element-fffc8cf\" data-id=\"fffc8cf\" data-element_type=\"column\">\n\t\t\t<div class=\"elementor-widget-wrap elementor-element-populated\">\n\t\t\t\t\t\t<div class=\"elementor-element elementor-element-f276790 elementor-view-framed elementor-shape-circle elementor-widget elementor-widget-icon\" data-id=\"f276790\" data-element_type=\"widget\" data-widget_type=\"icon.default\">\n\t\t\t\t<div class=\"elementor-widget-container\">\n\t\t\t\t\t\t\t<div class=\"elementor-icon-wrapper\">\n\t\t\t<a class=\"elementor-icon\" href=\"tel:+905334830153\">\n\t\t\t<svg aria-hidden=\"true\" class=\"e-font-icon-svg e-fas-mobile-alt\" viewbox=\"0 0 320 512\" xmlns=\"http:\/\/www.w3.org\/2000\/svg\"><path d=\"M272 0H48C21.5 0 0 21.5 0 48v416c0 26.5 21.5 48 48 48h224c26.5 0 48-21.5 48-48V48c0-26.5-21.5-48-48-48zM160 480c-17.7 0-32-14.3-32-32s14.3-32 32-32 32 14.3 32 32-14.3 32-32 32zm112-108c0 6.6-5.4 12-12 12H60c-6.6 0-12-5.4-12-12V60c0-6.6 5.4-12 12-12h200c6.6 0 12 5.4 12 12v312z\"><\/path><\/svg>\t\t\t<\/a>\n\t\t<\/div>\n\t\t\t\t\t\t<\/div>\n\t\t\t\t<\/div>\n\t\t\t\t\t<\/div>\n\t\t<\/div>\n\t\t\t\t<div class=\"elementor-column elementor-col-50 elementor-inner-column elementor-element elementor-element-40e7bb3\" data-id=\"40e7bb3\" data-element_type=\"column\">\n\t\t\t<div class=\"elementor-widget-wrap elementor-element-populated\">\n\t\t\t\t\t\t<div class=\"elementor-element elementor-element-6601d71 elementor-widget elementor-widget-text-editor\" data-id=\"6601d71\" data-element_type=\"widget\" data-widget_type=\"text-editor.default\">\n\t\t\t\t<div class=\"elementor-widget-container\">\n\t\t\t\t\t\t\t\t\t<p><a href=\"tel:+905334830153\" data-wplink-edit=\"true\">+905334830153<\/a><\/p>\n\t\t\t\t\t\t\t\t<\/div>\n\t\t\t\t<\/div>\n\t\t\t\t\t<\/div>\n\t\t<\/div>\n\t\t\t\t\t<\/div>\n\t\t<\/section>\n\t\t\t\t<section class=\"elementor-section elementor-inner-section elementor-element elementor-element-f8c5a25 elementor-section-content-middle elementor-section-boxed elementor-section-height-default elementor-section-height-default\" data-id=\"f8c5a25\" data-element_type=\"section\">\n\t\t\t\t\t\t<div class=\"elementor-container elementor-column-gap-narrow\">\n\t\t\t\t\t<div class=\"elementor-column elementor-col-50 elementor-inner-column elementor-element elementor-element-dba918c\" data-id=\"dba918c\" data-element_type=\"column\">\n\t\t\t<div class=\"elementor-widget-wrap elementor-element-populated\">\n\t\t\t\t\t\t<div class=\"elementor-element elementor-element-94fa836 elementor-view-framed elementor-shape-circle elementor-widget elementor-widget-icon\" data-id=\"94fa836\" data-element_type=\"widget\" data-widget_type=\"icon.default\">\n\t\t\t\t<div class=\"elementor-widget-container\">\n\t\t\t\t\t\t\t<div class=\"elementor-icon-wrapper\">\n\t\t\t<a class=\"elementor-icon\" href=\"mailto:dincer.ozturan@projera.com\">\n\t\t\t<svg aria-hidden=\"true\" class=\"e-font-icon-svg e-far-envelope-open\" viewbox=\"0 0 512 512\" xmlns=\"http:\/\/www.w3.org\/2000\/svg\"><path d=\"M494.586 164.516c-4.697-3.883-111.723-89.95-135.251-108.657C337.231 38.191 299.437 0 256 0c-43.205 0-80.636 37.717-103.335 55.859-24.463 19.45-131.07 105.195-135.15 108.549A48.004 48.004 0 0 0 0 201.485V464c0 26.51 21.49 48 48 48h416c26.51 0 48-21.49 48-48V201.509a48 48 0 0 0-17.414-36.993zM464 458a6 6 0 0 1-6 6H54a6 6 0 0 1-6-6V204.347c0-1.813.816-3.526 2.226-4.665 15.87-12.814 108.793-87.554 132.364-106.293C200.755 78.88 232.398 48 256 48c23.693 0 55.857 31.369 73.41 45.389 23.573 18.741 116.503 93.493 132.366 106.316a5.99 5.99 0 0 1 2.224 4.663V458zm-31.991-187.704c4.249 5.159 3.465 12.795-1.745 16.981-28.975 23.283-59.274 47.597-70.929 56.863C336.636 362.283 299.205 400 256 400c-43.452 0-81.287-38.237-103.335-55.86-11.279-8.967-41.744-33.413-70.927-56.865-5.21-4.187-5.993-11.822-1.745-16.981l15.258-18.528c4.178-5.073 11.657-5.843 16.779-1.726 28.618 23.001 58.566 47.035 70.56 56.571C200.143 320.631 232.307 352 256 352c23.602 0 55.246-30.88 73.41-45.389 11.994-9.535 41.944-33.57 70.563-56.568 5.122-4.116 12.601-3.346 16.778 1.727l15.258 18.526z\"><\/path><\/svg>\t\t\t<\/a>\n\t\t<\/div>\n\t\t\t\t\t\t<\/div>\n\t\t\t\t<\/div>\n\t\t\t\t\t<\/div>\n\t\t<\/div>\n\t\t\t\t<div class=\"elementor-column elementor-col-50 elementor-inner-column elementor-element elementor-element-ce47eb0\" data-id=\"ce47eb0\" data-element_type=\"column\">\n\t\t\t<div class=\"elementor-widget-wrap elementor-element-populated\">\n\t\t\t\t\t\t<div class=\"elementor-element elementor-element-c0f5073 elementor-widget elementor-widget-text-editor\" data-id=\"c0f5073\" data-element_type=\"widget\" data-widget_type=\"text-editor.default\">\n\t\t\t\t<div class=\"elementor-widget-container\">\n\t\t\t\t\t\t\t\t\t<p><a href=\"mailto:dincer.ozturan@projera.com\" data-wplink-edit=\"true\">dincer.ozturan@projera.com<\/a><\/p>\n\t\t\t\t\t\t\t\t<\/div>\n\t\t\t\t<\/div>\n\t\t\t\t\t<\/div>\n\t\t<\/div>\n\t\t\t\t\t<\/div>\n\t\t<\/section>\n\t\t\t\t<section class=\"elementor-section elementor-inner-section elementor-element elementor-element-b8ab638 elementor-section-content-middle elementor-section-boxed elementor-section-height-default elementor-section-height-default\" data-id=\"b8ab638\" data-element_type=\"section\">\n\t\t\t\t\t\t<div class=\"elementor-container elementor-column-gap-narrow\">\n\t\t\t\t\t<div class=\"elementor-column elementor-col-50 elementor-inner-column elementor-element elementor-element-a872aba\" data-id=\"a872aba\" data-element_type=\"column\">\n\t\t\t<div class=\"elementor-widget-wrap elementor-element-populated\">\n\t\t\t\t\t\t<div class=\"elementor-element elementor-element-40cd3ea elementor-view-framed elementor-shape-circle elementor-widget elementor-widget-icon\" data-id=\"40cd3ea\" data-element_type=\"widget\" data-widget_type=\"icon.default\">\n\t\t\t\t<div class=\"elementor-widget-container\">\n\t\t\t\t\t\t\t<div class=\"elementor-icon-wrapper\">\n\t\t\t<a class=\"elementor-icon\" href=\"https:\/\/www.linkedin.com\/in\/dincerozturan\/\">\n\t\t\t<svg aria-hidden=\"true\" class=\"e-font-icon-svg e-fab-linkedin-in\" viewbox=\"0 0 448 512\" xmlns=\"http:\/\/www.w3.org\/2000\/svg\"><path d=\"M100.28 448H7.4V148.9h92.88zM53.79 108.1C24.09 108.1 0 83.5 0 53.8a53.79 53.79 0 0 1 107.58 0c0 29.7-24.1 54.3-53.79 54.3zM447.9 448h-92.68V302.4c0-34.7-.7-79.2-48.29-79.2-48.29 0-55.69 37.7-55.69 76.7V448h-92.78V148.9h89.08v40.8h1.3c12.4-23.5 42.69-48.3 87.88-48.3 94 0 111.28 61.9 111.28 142.3V448z\"><\/path><\/svg>\t\t\t<\/a>\n\t\t<\/div>\n\t\t\t\t\t\t<\/div>\n\t\t\t\t<\/div>\n\t\t\t\t\t<\/div>\n\t\t<\/div>\n\t\t\t\t<div class=\"elementor-column elementor-col-50 elementor-inner-column elementor-element elementor-element-82213ed\" data-id=\"82213ed\" data-element_type=\"column\">\n\t\t\t<div class=\"elementor-widget-wrap elementor-element-populated\">\n\t\t\t\t\t\t<div class=\"elementor-element elementor-element-64deaf4 elementor-widget elementor-widget-text-editor\" data-id=\"64deaf4\" data-element_type=\"widget\" data-widget_type=\"text-editor.default\">\n\t\t\t\t<div class=\"elementor-widget-container\">\n\t\t\t\t\t\t\t\t\t<p><a href=\"https:\/\/www.linkedin.com\/in\/dincerozturan\/\">dincerozturan<\/a><\/p>\n\t\t\t\t\t\t\t\t<\/div>\n\t\t\t\t<\/div>\n\t\t\t\t\t<\/div>\n\t\t<\/div>\n\t\t\t\t\t<\/div>\n\t\t<\/section>\n\t\t\t\t\t<\/div>\n\t\t<\/div>\n\t\t\t\t\t<\/div>\n\t\t<\/section>\n\t\t\t\t<\/div>\n\t\t<\/body><\/html>\n","protected":false},"excerpt":{"rendered":"<p>Din&ccedil;er &Ouml;zturan Din&ccedil;er &Ouml;zturan Enterprise Transformation Expert &amp; Agile Coach | CEO +905334830153 dincer.ozturan@projera.com dincerozturan<\/p>\n","protected":false},"author":2,"featured_media":0,"parent":0,"menu_order":0,"comment_status":"closed","ping_status":"closed","template":"","meta":{"_joinchat":[],"footnotes":""},"categories":[],"tags":[],"class_list":["post-15347","page","type-page","status-publish","hentry"],"yoast_head":"<!-- This site is optimized with the Yoast SEO plugin v27.0 - https:\/\/yoast.com\/product\/yoast-seo-wordpress\/ -->\n<title>Din\u00e7er \u00d6zturan - Projera Institute<\/title>\n<meta name=\"robots\" content=\"index, follow, max-snippet:-1, max-image-preview:large, max-video-preview:-1\" \/>\n<link rel=\"canonical\" href=\"https:\/\/institute.projera.com\/dincer-ozturan\/\" \/>\n<meta property=\"og:locale\" content=\"en_US\" \/>\n<meta property=\"og:type\" content=\"article\" \/>\n<meta property=\"og:title\" content=\"Din\u00e7er \u00d6zturan - Projera Institute\" \/>\n<meta property=\"og:description\" content=\"Din&ccedil;er &Ouml;zturan Din&ccedil;er &Ouml;zturan Enterprise Transformation Expert &amp; Agile Coach | CEO +905334830153 dincer.ozturan@projera.com dincerozturan\" \/>\n<meta property=\"og:url\" content=\"https:\/\/institute.projera.com\/dincer-ozturan\/\" \/>\n<meta property=\"og:site_name\" content=\"Projera Institute\" \/>\n<meta property=\"article:modified_time\" content=\"2023-06-13T14:53:37+00:00\" \/>\n<meta property=\"og:image\" content=\"https:\/\/institute.projera.com\/wp-content\/uploads\/2022\/11\/Dincer-Ozturan.webp\" \/>\n<meta name=\"twitter:card\" content=\"summary_large_image\" \/>\n<meta name=\"twitter:label1\" content=\"Est. reading time\" \/>\n\t<meta name=\"twitter:data1\" content=\"5 minutes\" \/>\n<script type=\"application\/ld+json\" class=\"yoast-schema-graph\">{\"@context\":\"https:\/\/schema.org\",\"@graph\":[{\"@type\":\"WebPage\",\"@id\":\"https:\/\/institute.projera.com\/dincer-ozturan\/\",\"url\":\"https:\/\/institute.projera.com\/dincer-ozturan\/\",\"name\":\"Din\u00e7er \u00d6zturan - Projera Institute\",\"isPartOf\":{\"@id\":\"https:\/\/institute.projera.com\/en\/#website\"},\"primaryImageOfPage\":{\"@id\":\"https:\/\/institute.projera.com\/dincer-ozturan\/#primaryimage\"},\"image\":{\"@id\":\"https:\/\/institute.projera.com\/dincer-ozturan\/#primaryimage\"},\"thumbnailUrl\":\"https:\/\/institute.projera.com\/wp-content\/uploads\/2022\/11\/Dincer-Ozturan.webp\",\"datePublished\":\"2023-06-13T09:54:31+00:00\",\"dateModified\":\"2023-06-13T14:53:37+00:00\",\"breadcrumb\":{\"@id\":\"https:\/\/institute.projera.com\/dincer-ozturan\/#breadcrumb\"},\"inLanguage\":\"en-US\",\"potentialAction\":[{\"@type\":\"ReadAction\",\"target\":[\"https:\/\/institute.projera.com\/dincer-ozturan\/\"]}]},{\"@type\":\"ImageObject\",\"inLanguage\":\"en-US\",\"@id\":\"https:\/\/institute.projera.com\/dincer-ozturan\/#primaryimage\",\"url\":\"https:\/\/institute.projera.com\/wp-content\/uploads\/2022\/11\/Dincer-Ozturan.webp\",\"contentUrl\":\"https:\/\/institute.projera.com\/wp-content\/uploads\/2022\/11\/Dincer-Ozturan.webp\"},{\"@type\":\"BreadcrumbList\",\"@id\":\"https:\/\/institute.projera.com\/dincer-ozturan\/#breadcrumb\",\"itemListElement\":[{\"@type\":\"ListItem\",\"position\":1,\"name\":\"Home\",\"item\":\"https:\/\/institute.projera.com\/en\/\"},{\"@type\":\"ListItem\",\"position\":2,\"name\":\"Din\u00e7er \u00d6zturan\"}]},{\"@type\":\"WebSite\",\"@id\":\"https:\/\/institute.projera.com\/en\/#website\",\"url\":\"https:\/\/institute.projera.com\/en\/\",\"name\":\"Projera Institute Online & Kurumsal E\u011fitim Platformu\",\"description\":\"Yar\u0131n \u0130\u00e7in, Bug\u00fcn \u00d6\u011fren\",\"publisher\":{\"@id\":\"https:\/\/institute.projera.com\/en\/#organization\"},\"alternateName\":\"Kariyerinizde Y\u00fckselin\",\"potentialAction\":[{\"@type\":\"SearchAction\",\"target\":{\"@type\":\"EntryPoint\",\"urlTemplate\":\"https:\/\/institute.projera.com\/en\/?s={search_term_string}\"},\"query-input\":{\"@type\":\"PropertyValueSpecification\",\"valueRequired\":true,\"valueName\":\"search_term_string\"}}],\"inLanguage\":\"en-US\"},{\"@type\":\"Organization\",\"@id\":\"https:\/\/institute.projera.com\/en\/#organization\",\"name\":\"Projera Institute\",\"url\":\"https:\/\/institute.projera.com\/en\/\",\"logo\":{\"@type\":\"ImageObject\",\"inLanguage\":\"en-US\",\"@id\":\"https:\/\/institute.projera.com\/en\/#\/schema\/logo\/image\/\",\"url\":\"https:\/\/institute.projera.com\/wp-content\/uploads\/2021\/05\/Projera-pink.svg\",\"contentUrl\":\"https:\/\/institute.projera.com\/wp-content\/uploads\/2021\/05\/Projera-pink.svg\",\"width\":512,\"height\":512,\"caption\":\"Projera Institute\"},\"image\":{\"@id\":\"https:\/\/institute.projera.com\/en\/#\/schema\/logo\/image\/\"},\"sameAs\":[\"https:\/\/instagram.com\/projeraofficial\"]}]}<\/script>\n<!-- \/ Yoast SEO plugin. -->","yoast_head_json":{"title":"Din\u00e7er \u00d6zturan - Projera Institute","robots":{"index":"index","follow":"follow","max-snippet":"max-snippet:-1","max-image-preview":"max-image-preview:large","max-video-preview":"max-video-preview:-1"},"canonical":"https:\/\/institute.projera.com\/dincer-ozturan\/","og_locale":"en_US","og_type":"article","og_title":"Din\u00e7er \u00d6zturan - Projera Institute","og_description":"Din&ccedil;er &Ouml;zturan Din&ccedil;er &Ouml;zturan Enterprise Transformation Expert &amp; Agile Coach | CEO +905334830153 dincer.ozturan@projera.com dincerozturan","og_url":"https:\/\/institute.projera.com\/dincer-ozturan\/","og_site_name":"Projera Institute","article_modified_time":"2023-06-13T14:53:37+00:00","og_image":[{"url":"https:\/\/institute.projera.com\/wp-content\/uploads\/2022\/11\/Dincer-Ozturan.webp","type":"","width":"","height":""}],"twitter_card":"summary_large_image","twitter_misc":{"Est. reading time":"5 minutes"},"schema":{"@context":"https:\/\/schema.org","@graph":[{"@type":"WebPage","@id":"https:\/\/institute.projera.com\/dincer-ozturan\/","url":"https:\/\/institute.projera.com\/dincer-ozturan\/","name":"Din\u00e7er \u00d6zturan - Projera Institute","isPartOf":{"@id":"https:\/\/institute.projera.com\/en\/#website"},"primaryImageOfPage":{"@id":"https:\/\/institute.projera.com\/dincer-ozturan\/#primaryimage"},"image":{"@id":"https:\/\/institute.projera.com\/dincer-ozturan\/#primaryimage"},"thumbnailUrl":"https:\/\/institute.projera.com\/wp-content\/uploads\/2022\/11\/Dincer-Ozturan.webp","datePublished":"2023-06-13T09:54:31+00:00","dateModified":"2023-06-13T14:53:37+00:00","breadcrumb":{"@id":"https:\/\/institute.projera.com\/dincer-ozturan\/#breadcrumb"},"inLanguage":"en-US","potentialAction":[{"@type":"ReadAction","target":["https:\/\/institute.projera.com\/dincer-ozturan\/"]}]},{"@type":"ImageObject","inLanguage":"en-US","@id":"https:\/\/institute.projera.com\/dincer-ozturan\/#primaryimage","url":"https:\/\/institute.projera.com\/wp-content\/uploads\/2022\/11\/Dincer-Ozturan.webp","contentUrl":"https:\/\/institute.projera.com\/wp-content\/uploads\/2022\/11\/Dincer-Ozturan.webp"},{"@type":"BreadcrumbList","@id":"https:\/\/institute.projera.com\/dincer-ozturan\/#breadcrumb","itemListElement":[{"@type":"ListItem","position":1,"name":"Home","item":"https:\/\/institute.projera.com\/en\/"},{"@type":"ListItem","position":2,"name":"Din\u00e7er \u00d6zturan"}]},{"@type":"WebSite","@id":"https:\/\/institute.projera.com\/en\/#website","url":"https:\/\/institute.projera.com\/en\/","name":"Projera Institute Online & Kurumsal E\u011fitim Platformu","description":"Yar\u0131n \u0130\u00e7in, Bug\u00fcn \u00d6\u011fren","publisher":{"@id":"https:\/\/institute.projera.com\/en\/#organization"},"alternateName":"Kariyerinizde Y\u00fckselin","potentialAction":[{"@type":"SearchAction","target":{"@type":"EntryPoint","urlTemplate":"https:\/\/institute.projera.com\/en\/?s={search_term_string}"},"query-input":{"@type":"PropertyValueSpecification","valueRequired":true,"valueName":"search_term_string"}}],"inLanguage":"en-US"},{"@type":"Organization","@id":"https:\/\/institute.projera.com\/en\/#organization","name":"Projera Institute","url":"https:\/\/institute.projera.com\/en\/","logo":{"@type":"ImageObject","inLanguage":"en-US","@id":"https:\/\/institute.projera.com\/en\/#\/schema\/logo\/image\/","url":"https:\/\/institute.projera.com\/wp-content\/uploads\/2021\/05\/Projera-pink.svg","contentUrl":"https:\/\/institute.projera.com\/wp-content\/uploads\/2021\/05\/Projera-pink.svg","width":512,"height":512,"caption":"Projera Institute"},"image":{"@id":"https:\/\/institute.projera.com\/en\/#\/schema\/logo\/image\/"},"sameAs":["https:\/\/instagram.com\/projeraofficial"]}]}},"_links":{"self":[{"href":"https:\/\/institute.projera.com\/en\/wp-json\/wp\/v2\/pages\/15347","targetHints":{"allow":["GET"]}}],"collection":[{"href":"https:\/\/institute.projera.com\/en\/wp-json\/wp\/v2\/pages"}],"about":[{"href":"https:\/\/institute.projera.com\/en\/wp-json\/wp\/v2\/types\/page"}],"author":[{"embeddable":true,"href":"https:\/\/institute.projera.com\/en\/wp-json\/wp\/v2\/users\/2"}],"replies":[{"embeddable":true,"href":"https:\/\/institute.projera.com\/en\/wp-json\/wp\/v2\/comments?post=15347"}],"version-history":[{"count":0,"href":"https:\/\/institute.projera.com\/en\/wp-json\/wp\/v2\/pages\/15347\/revisions"}],"wp:attachment":[{"href":"https:\/\/institute.projera.com\/en\/wp-json\/wp\/v2\/media?parent=15347"}],"wp:term":[{"taxonomy":"category","embeddable":true,"href":"https:\/\/institute.projera.com\/en\/wp-json\/wp\/v2\/categories?post=15347"},{"taxonomy":"post_tag","embeddable":true,"href":"https:\/\/institute.projera.com\/en\/wp-json\/wp\/v2\/tags?post=15347"}],"curies":[{"name":"wp","href":"https:\/\/api.w.org\/{rel}","templated":true}]}}