{"id":14769,"date":"2022-11-23T12:23:52","date_gmt":"2022-11-23T12:23:52","guid":{"rendered":"https:\/\/institute.projera.com\/video\/"},"modified":"2024-08-01T07:59:10","modified_gmt":"2024-08-01T07:59:10","slug":"video","status":"publish","type":"page","link":"https:\/\/institute.projera.com\/en\/video\/","title":{"rendered":"Video"},"content":{"rendered":"<!DOCTYPE html PUBLIC \"-\/\/W3C\/\/DTD HTML 4.0 Transitional\/\/EN\" \"http:\/\/www.w3.org\/TR\/REC-html40\/loose.dtd\">\n<html><body><div data-elementor-type=\"wp-page\" data-elementor-id=\"14769\" class=\"elementor elementor-14769 elementor-12578\" data-elementor-post-type=\"page\">\n\t\t\t\t\t\t<section class=\"elementor-section elementor-top-section elementor-element elementor-element-f60bd6f bg elementor-section-boxed elementor-section-height-default elementor-section-height-default\" data-id=\"f60bd6f\" data-element_type=\"section\" data-settings='{\"background_background\":\"gradient\",\"shape_divider_bottom\":\"tilt\"}'>\n\t\t\t\t\t<div class=\"elementor-shape elementor-shape-bottom\" aria-hidden=\"true\" data-negative=\"false\">\n\t\t\t<svg xmlns=\"http:\/\/www.w3.org\/2000\/svg\" viewbox=\"0 0 1000 100\" preserveaspectratio=\"none\">\n\t<path class=\"elementor-shape-fill\" d=\"M0,6V0h1000v100L0,6z\"><\/path>\n<\/svg>\t\t<\/div>\n\t\t\t\t\t<div class=\"elementor-container elementor-column-gap-default\">\n\t\t\t\t\t<div class=\"elementor-column elementor-col-100 elementor-top-column elementor-element elementor-element-38f5d25\" data-id=\"38f5d25\" data-element_type=\"column\">\n\t\t\t<div class=\"elementor-widget-wrap elementor-element-populated\">\n\t\t\t\t\t\t<div class=\"elementor-element elementor-element-f6cdcab elementor-widget elementor-widget-hub_fancy_heading\" data-id=\"f6cdcab\" data-element_type=\"widget\" data-widget_type=\"hub_fancy_heading.default\">\n\t\t\t\t<div class=\"elementor-widget-container\">\n\t\t\t\t\t\n\t\t<div id=\"ld-fancy-heading-69d45930053e4\" class=\"ld-fancy-heading pos-rel\">\n\t\t\t<h1 class=\"ld-fh-element d-inline-block pos-rel  elementor-heading-title lqd-highlight-classic lqd-highlight-grow-left h1\"> Video<\/h1>\t\t<\/div>\n\n\t\t\t\t\t\t<\/div>\n\t\t\t\t<\/div>\n\t\t\t\t\t<\/div>\n\t\t<\/div>\n\t\t\t\t\t<\/div>\n\t\t<\/section>\n\t\t\t\t<section class=\"elementor-section elementor-top-section elementor-element elementor-element-46c82cb elementor-hidden-desktop elementor-hidden-tablet elementor-hidden-mobile elementor-section-boxed elementor-section-height-default elementor-section-height-default\" data-id=\"46c82cb\" data-element_type=\"section\">\n\t\t\t\t\t\t<div class=\"elementor-container elementor-column-gap-default\">\n\t\t\t\t\t<div class=\"elementor-column elementor-col-100 elementor-top-column elementor-element elementor-element-8620694\" data-id=\"8620694\" data-element_type=\"column\">\n\t\t\t<div class=\"elementor-widget-wrap elementor-element-populated\">\n\t\t\t\t\t\t<div class=\"elementor-element elementor-element-cae1a20 elementor-widget elementor-widget-video\" data-id=\"cae1a20\" data-element_type=\"widget\" data-settings='{\"youtube_url\":\"https:\\\/\\\/www.youtube.com\\\/watch?v=cf8TMfJ58Uo&amp;t=37s\",\"lazy_load\":\"yes\",\"video_type\":\"youtube\",\"controls\":\"yes\"}' data-widget_type=\"video.default\">\n\t\t\t\t<div class=\"elementor-widget-container\">\n\t\t\t\t\t\t\t<div class=\"elementor-wrapper elementor-open-inline\">\n\t\t\t<div class=\"elementor-video\"><\/div>\t\t<\/div>\n\t\t\t\t\t\t<\/div>\n\t\t\t\t<\/div>\n\t\t\t\t\t<\/div>\n\t\t<\/div>\n\t\t\t\t<div class=\"elementor-column elementor-col-100 elementor-top-column elementor-element elementor-element-8131878\" data-id=\"8131878\" data-element_type=\"column\">\n\t\t\t<div class=\"elementor-widget-wrap elementor-element-populated\">\n\t\t\t\t\t\t<div class=\"elementor-element elementor-element-512804e elementor-widget elementor-widget-video\" data-id=\"512804e\" data-element_type=\"widget\" data-settings='{\"youtube_url\":\"https:\\\/\\\/www.youtube.com\\\/watch?v=NqUxc4jsPyk&amp;t=5s\",\"lazy_load\":\"yes\",\"video_type\":\"youtube\",\"controls\":\"yes\"}' data-widget_type=\"video.default\">\n\t\t\t\t<div class=\"elementor-widget-container\">\n\t\t\t\t\t\t\t<div class=\"elementor-wrapper elementor-open-inline\">\n\t\t\t<div class=\"elementor-video\"><\/div>\t\t<\/div>\n\t\t\t\t\t\t<\/div>\n\t\t\t\t<\/div>\n\t\t\t\t\t<\/div>\n\t\t<\/div>\n\t\t\t\t<div class=\"elementor-column elementor-col-100 elementor-top-column elementor-element elementor-element-d6fadb5\" data-id=\"d6fadb5\" data-element_type=\"column\">\n\t\t\t<div class=\"elementor-widget-wrap elementor-element-populated\">\n\t\t\t\t\t\t<div class=\"elementor-element elementor-element-e59fb13 elementor-widget elementor-widget-video\" data-id=\"e59fb13\" data-element_type=\"widget\" data-settings='{\"youtube_url\":\"https:\\\/\\\/www.youtube.com\\\/watch?v=BJMcFUVUEQw&amp;t=287s\",\"lazy_load\":\"yes\",\"video_type\":\"youtube\",\"controls\":\"yes\"}' data-widget_type=\"video.default\">\n\t\t\t\t<div class=\"elementor-widget-container\">\n\t\t\t\t\t\t\t<div class=\"elementor-wrapper elementor-open-inline\">\n\t\t\t<div class=\"elementor-video\"><\/div>\t\t<\/div>\n\t\t\t\t\t\t<\/div>\n\t\t\t\t<\/div>\n\t\t\t\t\t<\/div>\n\t\t<\/div>\n\t\t\t\t<div class=\"elementor-column elementor-col-100 elementor-top-column elementor-element elementor-element-2b6a93a\" data-id=\"2b6a93a\" data-element_type=\"column\">\n\t\t\t<div class=\"elementor-widget-wrap elementor-element-populated\">\n\t\t\t\t\t\t<div class=\"elementor-element elementor-element-cd6ff66 elementor-widget elementor-widget-video\" data-id=\"cd6ff66\" data-element_type=\"widget\" data-settings='{\"youtube_url\":\"https:\\\/\\\/www.youtube.com\\\/watch?v=Osi4wZc5BCM&amp;t=453s\",\"lazy_load\":\"yes\",\"video_type\":\"youtube\",\"controls\":\"yes\"}' data-widget_type=\"video.default\">\n\t\t\t\t<div class=\"elementor-widget-container\">\n\t\t\t\t\t\t\t<div class=\"elementor-wrapper elementor-open-inline\">\n\t\t\t<div class=\"elementor-video\"><\/div>\t\t<\/div>\n\t\t\t\t\t\t<\/div>\n\t\t\t\t<\/div>\n\t\t\t\t\t<\/div>\n\t\t<\/div>\n\t\t\t\t<div class=\"elementor-column elementor-col-100 elementor-top-column elementor-element elementor-element-8faac20\" data-id=\"8faac20\" data-element_type=\"column\">\n\t\t\t<div class=\"elementor-widget-wrap elementor-element-populated\">\n\t\t\t\t\t\t<div class=\"elementor-element elementor-element-1240a05 elementor-widget elementor-widget-video\" data-id=\"1240a05\" data-element_type=\"widget\" data-settings='{\"youtube_url\":\"https:\\\/\\\/www.youtube.com\\\/watch?v=sN54CLTS0Hw&amp;t=466s\",\"lazy_load\":\"yes\",\"video_type\":\"youtube\",\"controls\":\"yes\"}' data-widget_type=\"video.default\">\n\t\t\t\t<div class=\"elementor-widget-container\">\n\t\t\t\t\t\t\t<div class=\"elementor-wrapper elementor-open-inline\">\n\t\t\t<div class=\"elementor-video\"><\/div>\t\t<\/div>\n\t\t\t\t\t\t<\/div>\n\t\t\t\t<\/div>\n\t\t\t\t\t<\/div>\n\t\t<\/div>\n\t\t\t\t<div class=\"elementor-column elementor-col-100 elementor-top-column elementor-element elementor-element-06f7d14\" data-id=\"06f7d14\" data-element_type=\"column\">\n\t\t\t<div class=\"elementor-widget-wrap elementor-element-populated\">\n\t\t\t\t\t\t<div class=\"elementor-element elementor-element-ceafc7e elementor-widget elementor-widget-video\" data-id=\"ceafc7e\" data-element_type=\"widget\" data-settings='{\"youtube_url\":\"https:\\\/\\\/www.youtube.com\\\/watch?v=poDtO2GVfZs&amp;t=59s\",\"lazy_load\":\"yes\",\"video_type\":\"youtube\",\"controls\":\"yes\"}' data-widget_type=\"video.default\">\n\t\t\t\t<div class=\"elementor-widget-container\">\n\t\t\t\t\t\t\t<div class=\"elementor-wrapper elementor-open-inline\">\n\t\t\t<div class=\"elementor-video\"><\/div>\t\t<\/div>\n\t\t\t\t\t\t<\/div>\n\t\t\t\t<\/div>\n\t\t\t\t\t<\/div>\n\t\t<\/div>\n\t\t\t\t<div class=\"elementor-column elementor-col-100 elementor-top-column elementor-element elementor-element-74698d7\" data-id=\"74698d7\" data-element_type=\"column\">\n\t\t\t<div class=\"elementor-widget-wrap elementor-element-populated\">\n\t\t\t\t\t\t<div class=\"elementor-element elementor-element-70c5b5b elementor-widget elementor-widget-video\" data-id=\"70c5b5b\" data-element_type=\"widget\" data-settings='{\"youtube_url\":\"https:\\\/\\\/www.youtube.com\\\/watch?v=jyzpjRHVyBQ&amp;t=1241s\",\"lazy_load\":\"yes\",\"video_type\":\"youtube\",\"controls\":\"yes\"}' data-widget_type=\"video.default\">\n\t\t\t\t<div class=\"elementor-widget-container\">\n\t\t\t\t\t\t\t<div class=\"elementor-wrapper elementor-open-inline\">\n\t\t\t<div class=\"elementor-video\"><\/div>\t\t<\/div>\n\t\t\t\t\t\t<\/div>\n\t\t\t\t<\/div>\n\t\t\t\t\t<\/div>\n\t\t<\/div>\n\t\t\t\t<div class=\"elementor-column elementor-col-100 elementor-top-column elementor-element elementor-element-c479818\" data-id=\"c479818\" data-element_type=\"column\">\n\t\t\t<div class=\"elementor-widget-wrap elementor-element-populated\">\n\t\t\t\t\t\t<div class=\"elementor-element elementor-element-109e2d8 elementor-widget elementor-widget-video\" data-id=\"109e2d8\" data-element_type=\"widget\" data-settings='{\"youtube_url\":\"https:\\\/\\\/www.youtube.com\\\/watch?v=BfP76pdG68U\",\"lazy_load\":\"yes\",\"video_type\":\"youtube\",\"controls\":\"yes\"}' data-widget_type=\"video.default\">\n\t\t\t\t<div class=\"elementor-widget-container\">\n\t\t\t\t\t\t\t<div class=\"elementor-wrapper elementor-open-inline\">\n\t\t\t<div class=\"elementor-video\"><\/div>\t\t<\/div>\n\t\t\t\t\t\t<\/div>\n\t\t\t\t<\/div>\n\t\t\t\t\t<\/div>\n\t\t<\/div>\n\t\t\t\t<div class=\"elementor-column elementor-col-100 elementor-top-column elementor-element elementor-element-1e59fe2\" data-id=\"1e59fe2\" data-element_type=\"column\">\n\t\t\t<div class=\"elementor-widget-wrap elementor-element-populated\">\n\t\t\t\t\t\t<div class=\"elementor-element elementor-element-380c0cb elementor-widget elementor-widget-video\" data-id=\"380c0cb\" data-element_type=\"widget\" data-settings='{\"youtube_url\":\"https:\\\/\\\/www.youtube.com\\\/watch?v=JcDwGn15b0k&amp;t=9s\",\"lazy_load\":\"yes\",\"video_type\":\"youtube\",\"controls\":\"yes\"}' data-widget_type=\"video.default\">\n\t\t\t\t<div class=\"elementor-widget-container\">\n\t\t\t\t\t\t\t<div class=\"elementor-wrapper elementor-open-inline\">\n\t\t\t<div class=\"elementor-video\"><\/div>\t\t<\/div>\n\t\t\t\t\t\t<\/div>\n\t\t\t\t<\/div>\n\t\t\t\t\t<\/div>\n\t\t<\/div>\n\t\t\t\t<div class=\"elementor-column elementor-col-100 elementor-top-column elementor-element elementor-element-9024d8e\" data-id=\"9024d8e\" data-element_type=\"column\">\n\t\t\t<div class=\"elementor-widget-wrap elementor-element-populated\">\n\t\t\t\t\t\t<div class=\"elementor-element elementor-element-5053226 elementor-widget elementor-widget-video\" data-id=\"5053226\" data-element_type=\"widget\" data-settings='{\"youtube_url\":\"https:\\\/\\\/www.youtube.com\\\/watch?v=4r9QHKPi8Xw&amp;t=46s\",\"lazy_load\":\"yes\",\"video_type\":\"youtube\",\"controls\":\"yes\"}' data-widget_type=\"video.default\">\n\t\t\t\t<div class=\"elementor-widget-container\">\n\t\t\t\t\t\t\t<div class=\"elementor-wrapper elementor-open-inline\">\n\t\t\t<div class=\"elementor-video\"><\/div>\t\t<\/div>\n\t\t\t\t\t\t<\/div>\n\t\t\t\t<\/div>\n\t\t\t\t\t<\/div>\n\t\t<\/div>\n\t\t\t\t\t<\/div>\n\t\t<\/section>\n\t\t\t\t<section class=\"elementor-section elementor-top-section elementor-element elementor-element-ea9d9f6 elementor-section-boxed elementor-section-height-default elementor-section-height-default\" data-id=\"ea9d9f6\" data-element_type=\"section\" data-settings='{\"background_background\":\"classic\"}'>\n\t\t\t\t\t\t<div class=\"elementor-container elementor-column-gap-default\">\n\t\t\t\t\t<div class=\"elementor-column elementor-col-100 elementor-top-column elementor-element elementor-element-6125538\" data-id=\"6125538\" data-element_type=\"column\">\n\t\t\t<div class=\"elementor-widget-wrap elementor-element-populated\">\n\t\t\t\t\t\t<div class=\"elementor-element elementor-element-d286b26 elementor-widget elementor-widget-shortcode\" data-id=\"d286b26\" data-element_type=\"widget\" data-widget_type=\"shortcode.default\">\n\t\t\t\t<div class=\"elementor-widget-container\">\n\t\t\t\t\t\t\t<div class=\"elementor-shortcode\">[automatic_youtube_gallery type=\"channel\" channel=\"UCncJUnUZAp_EBKeRJ4aZrmA\" player_description=\"0\"]<\/div>\n\t\t\t\t\t\t<\/div>\n\t\t\t\t<\/div>\n\t\t\t\t\t<\/div>\n\t\t<\/div>\n\t\t\t\t\t<\/div>\n\t\t<\/section>\n\t\t\t\t<\/div>\n\t\t<\/body><\/html>\n","protected":false},"excerpt":{"rendered":"<p>Video https:\/\/www.youtube.com\/watch?v=cf8TMfJ58Uo&amp;t=37shttps:\/\/www.youtube.com\/watch?v=NqUxc4jsPyk&amp;t=5shttps:\/\/www.youtube.com\/watch?v=BJMcFUVUEQw&amp;t=287shttps:\/\/www.youtube.com\/watch?v=Osi4wZc5BCM&amp;t=453shttps:\/\/www.youtube.com\/watch?v=sN54CLTS0Hw&amp;t=466shttps:\/\/www.youtube.com\/watch?v=poDtO2GVfZs&amp;t=59shttps:\/\/www.youtube.com\/watch?v=jyzpjRHVyBQ&amp;t=1241shttps:\/\/www.youtube.com\/watch?v=BfP76pdG68Uhttps:\/\/www.youtube.com\/watch?v=JcDwGn15b0k&amp;t=9shttps:\/\/www.youtube.com\/watch?v=4r9QHKPi8Xw&amp;t=46s[automatic_youtube_gallery type=&#8221;channel&#8221; channel=&#8221;UCncJUnUZAp_EBKeRJ4aZrmA&#8221; player_description=&#8221;0&#8243;]<\/p>\n","protected":false},"author":4,"featured_media":0,"parent":0,"menu_order":0,"comment_status":"closed","ping_status":"closed","template":"","meta":{"_joinchat":[],"footnotes":""},"categories":[],"tags":[],"class_list":["post-14769","page","type-page","status-publish","hentry"],"yoast_head":"<!-- This site is optimized with the Yoast SEO plugin v27.0 - https:\/\/yoast.com\/product\/yoast-seo-wordpress\/ -->\n<title>Video - Projera Institute<\/title>\n<meta name=\"robots\" content=\"index, follow, max-snippet:-1, max-image-preview:large, max-video-preview:-1\" \/>\n<link rel=\"canonical\" href=\"https:\/\/institute.projera.com\/video\/\" \/>\n<meta property=\"og:locale\" content=\"en_US\" \/>\n<meta property=\"og:type\" content=\"article\" \/>\n<meta property=\"og:title\" content=\"Video - Projera Institute\" \/>\n<meta property=\"og:description\" content=\"Video https:\/\/www.youtube.com\/watch?v=cf8TMfJ58Uo&amp;t=37shttps:\/\/www.youtube.com\/watch?v=NqUxc4jsPyk&amp;t=5shttps:\/\/www.youtube.com\/watch?v=BJMcFUVUEQw&amp;t=287shttps:\/\/www.youtube.com\/watch?v=Osi4wZc5BCM&amp;t=453shttps:\/\/www.youtube.com\/watch?v=sN54CLTS0Hw&amp;t=466shttps:\/\/www.youtube.com\/watch?v=poDtO2GVfZs&amp;t=59shttps:\/\/www.youtube.com\/watch?v=jyzpjRHVyBQ&amp;t=1241shttps:\/\/www.youtube.com\/watch?v=BfP76pdG68Uhttps:\/\/www.youtube.com\/watch?v=JcDwGn15b0k&amp;t=9shttps:\/\/www.youtube.com\/watch?v=4r9QHKPi8Xw&amp;t=46s[automatic_youtube_gallery type=&#8221;channel&#8221; channel=&#8221;UCncJUnUZAp_EBKeRJ4aZrmA&#8221; player_description=&#8221;0&#8243;]\" \/>\n<meta property=\"og:url\" content=\"https:\/\/institute.projera.com\/video\/\" \/>\n<meta property=\"og:site_name\" content=\"Projera Institute\" \/>\n<meta property=\"article:modified_time\" content=\"2024-08-01T07:59:10+00:00\" \/>\n<meta name=\"twitter:card\" content=\"summary_large_image\" \/>\n<meta name=\"twitter:label1\" content=\"Est. reading time\" \/>\n\t<meta name=\"twitter:data1\" content=\"1 minute\" \/>\n<script type=\"application\/ld+json\" class=\"yoast-schema-graph\">{\"@context\":\"https:\/\/schema.org\",\"@graph\":[{\"@type\":\"WebPage\",\"@id\":\"https:\/\/institute.projera.com\/video\/\",\"url\":\"https:\/\/institute.projera.com\/video\/\",\"name\":\"Video - Projera Institute\",\"isPartOf\":{\"@id\":\"https:\/\/institute.projera.com\/en\/#website\"},\"datePublished\":\"2022-11-23T12:23:52+00:00\",\"dateModified\":\"2024-08-01T07:59:10+00:00\",\"breadcrumb\":{\"@id\":\"https:\/\/institute.projera.com\/video\/#breadcrumb\"},\"inLanguage\":\"en-US\",\"potentialAction\":[{\"@type\":\"ReadAction\",\"target\":[\"https:\/\/institute.projera.com\/video\/\"]}]},{\"@type\":\"BreadcrumbList\",\"@id\":\"https:\/\/institute.projera.com\/video\/#breadcrumb\",\"itemListElement\":[{\"@type\":\"ListItem\",\"position\":1,\"name\":\"Home\",\"item\":\"https:\/\/institute.projera.com\/en\/\"},{\"@type\":\"ListItem\",\"position\":2,\"name\":\"Video\"}]},{\"@type\":\"WebSite\",\"@id\":\"https:\/\/institute.projera.com\/en\/#website\",\"url\":\"https:\/\/institute.projera.com\/en\/\",\"name\":\"Projera Institute Online & Kurumsal E\u011fitim Platformu\",\"description\":\"Yar\u0131n \u0130\u00e7in, Bug\u00fcn \u00d6\u011fren\",\"publisher\":{\"@id\":\"https:\/\/institute.projera.com\/en\/#organization\"},\"alternateName\":\"Kariyerinizde Y\u00fckselin\",\"potentialAction\":[{\"@type\":\"SearchAction\",\"target\":{\"@type\":\"EntryPoint\",\"urlTemplate\":\"https:\/\/institute.projera.com\/en\/?s={search_term_string}\"},\"query-input\":{\"@type\":\"PropertyValueSpecification\",\"valueRequired\":true,\"valueName\":\"search_term_string\"}}],\"inLanguage\":\"en-US\"},{\"@type\":\"Organization\",\"@id\":\"https:\/\/institute.projera.com\/en\/#organization\",\"name\":\"Projera Institute\",\"url\":\"https:\/\/institute.projera.com\/en\/\",\"logo\":{\"@type\":\"ImageObject\",\"inLanguage\":\"en-US\",\"@id\":\"https:\/\/institute.projera.com\/en\/#\/schema\/logo\/image\/\",\"url\":\"https:\/\/institute.projera.com\/wp-content\/uploads\/2021\/05\/Projera-pink.svg\",\"contentUrl\":\"https:\/\/institute.projera.com\/wp-content\/uploads\/2021\/05\/Projera-pink.svg\",\"width\":512,\"height\":512,\"caption\":\"Projera Institute\"},\"image\":{\"@id\":\"https:\/\/institute.projera.com\/en\/#\/schema\/logo\/image\/\"},\"sameAs\":[\"https:\/\/instagram.com\/projeraofficial\"]}]}<\/script>\n<!-- \/ Yoast SEO plugin. -->","yoast_head_json":{"title":"Video - Projera Institute","robots":{"index":"index","follow":"follow","max-snippet":"max-snippet:-1","max-image-preview":"max-image-preview:large","max-video-preview":"max-video-preview:-1"},"canonical":"https:\/\/institute.projera.com\/video\/","og_locale":"en_US","og_type":"article","og_title":"Video - Projera Institute","og_description":"Video https:\/\/www.youtube.com\/watch?v=cf8TMfJ58Uo&amp;t=37shttps:\/\/www.youtube.com\/watch?v=NqUxc4jsPyk&amp;t=5shttps:\/\/www.youtube.com\/watch?v=BJMcFUVUEQw&amp;t=287shttps:\/\/www.youtube.com\/watch?v=Osi4wZc5BCM&amp;t=453shttps:\/\/www.youtube.com\/watch?v=sN54CLTS0Hw&amp;t=466shttps:\/\/www.youtube.com\/watch?v=poDtO2GVfZs&amp;t=59shttps:\/\/www.youtube.com\/watch?v=jyzpjRHVyBQ&amp;t=1241shttps:\/\/www.youtube.com\/watch?v=BfP76pdG68Uhttps:\/\/www.youtube.com\/watch?v=JcDwGn15b0k&amp;t=9shttps:\/\/www.youtube.com\/watch?v=4r9QHKPi8Xw&amp;t=46s[automatic_youtube_gallery type=&#8221;channel&#8221; channel=&#8221;UCncJUnUZAp_EBKeRJ4aZrmA&#8221; player_description=&#8221;0&#8243;]","og_url":"https:\/\/institute.projera.com\/video\/","og_site_name":"Projera Institute","article_modified_time":"2024-08-01T07:59:10+00:00","twitter_card":"summary_large_image","twitter_misc":{"Est. reading time":"1 minute"},"schema":{"@context":"https:\/\/schema.org","@graph":[{"@type":"WebPage","@id":"https:\/\/institute.projera.com\/video\/","url":"https:\/\/institute.projera.com\/video\/","name":"Video - Projera Institute","isPartOf":{"@id":"https:\/\/institute.projera.com\/en\/#website"},"datePublished":"2022-11-23T12:23:52+00:00","dateModified":"2024-08-01T07:59:10+00:00","breadcrumb":{"@id":"https:\/\/institute.projera.com\/video\/#breadcrumb"},"inLanguage":"en-US","potentialAction":[{"@type":"ReadAction","target":["https:\/\/institute.projera.com\/video\/"]}]},{"@type":"BreadcrumbList","@id":"https:\/\/institute.projera.com\/video\/#breadcrumb","itemListElement":[{"@type":"ListItem","position":1,"name":"Home","item":"https:\/\/institute.projera.com\/en\/"},{"@type":"ListItem","position":2,"name":"Video"}]},{"@type":"WebSite","@id":"https:\/\/institute.projera.com\/en\/#website","url":"https:\/\/institute.projera.com\/en\/","name":"Projera Institute Online & Kurumsal E\u011fitim Platformu","description":"Yar\u0131n \u0130\u00e7in, Bug\u00fcn \u00d6\u011fren","publisher":{"@id":"https:\/\/institute.projera.com\/en\/#organization"},"alternateName":"Kariyerinizde Y\u00fckselin","potentialAction":[{"@type":"SearchAction","target":{"@type":"EntryPoint","urlTemplate":"https:\/\/institute.projera.com\/en\/?s={search_term_string}"},"query-input":{"@type":"PropertyValueSpecification","valueRequired":true,"valueName":"search_term_string"}}],"inLanguage":"en-US"},{"@type":"Organization","@id":"https:\/\/institute.projera.com\/en\/#organization","name":"Projera Institute","url":"https:\/\/institute.projera.com\/en\/","logo":{"@type":"ImageObject","inLanguage":"en-US","@id":"https:\/\/institute.projera.com\/en\/#\/schema\/logo\/image\/","url":"https:\/\/institute.projera.com\/wp-content\/uploads\/2021\/05\/Projera-pink.svg","contentUrl":"https:\/\/institute.projera.com\/wp-content\/uploads\/2021\/05\/Projera-pink.svg","width":512,"height":512,"caption":"Projera Institute"},"image":{"@id":"https:\/\/institute.projera.com\/en\/#\/schema\/logo\/image\/"},"sameAs":["https:\/\/instagram.com\/projeraofficial"]}]}},"_links":{"self":[{"href":"https:\/\/institute.projera.com\/en\/wp-json\/wp\/v2\/pages\/14769","targetHints":{"allow":["GET"]}}],"collection":[{"href":"https:\/\/institute.projera.com\/en\/wp-json\/wp\/v2\/pages"}],"about":[{"href":"https:\/\/institute.projera.com\/en\/wp-json\/wp\/v2\/types\/page"}],"author":[{"embeddable":true,"href":"https:\/\/institute.projera.com\/en\/wp-json\/wp\/v2\/users\/4"}],"replies":[{"embeddable":true,"href":"https:\/\/institute.projera.com\/en\/wp-json\/wp\/v2\/comments?post=14769"}],"version-history":[{"count":0,"href":"https:\/\/institute.projera.com\/en\/wp-json\/wp\/v2\/pages\/14769\/revisions"}],"wp:attachment":[{"href":"https:\/\/institute.projera.com\/en\/wp-json\/wp\/v2\/media?parent=14769"}],"wp:term":[{"taxonomy":"category","embeddable":true,"href":"https:\/\/institute.projera.com\/en\/wp-json\/wp\/v2\/categories?post=14769"},{"taxonomy":"post_tag","embeddable":true,"href":"https:\/\/institute.projera.com\/en\/wp-json\/wp\/v2\/tags?post=14769"}],"curies":[{"name":"wp","href":"https:\/\/api.w.org\/{rel}","templated":true}]}}