{"id":14699,"date":"2022-11-22T21:22:36","date_gmt":"2022-11-22T21:22:36","guid":{"rendered":"https:\/\/institute.projera.com\/hikayemiz\/"},"modified":"2023-10-28T21:08:36","modified_gmt":"2023-10-28T21:08:36","slug":"our-story","status":"publish","type":"page","link":"https:\/\/institute.projera.com\/en\/our-story\/","title":{"rendered":"Our Story"},"content":{"rendered":"<!DOCTYPE html PUBLIC \"-\/\/W3C\/\/DTD HTML 4.0 Transitional\/\/EN\" \"http:\/\/www.w3.org\/TR\/REC-html40\/loose.dtd\">\n<html><body><div data-elementor-type=\"wp-page\" data-elementor-id=\"14699\" class=\"elementor elementor-14699 elementor-12544\" data-elementor-post-type=\"page\">\n\t\t\t\t\t\t<section class=\"elementor-section elementor-top-section elementor-element elementor-element-f60bd6f bg elementor-section-boxed elementor-section-height-default elementor-section-height-default\" data-id=\"f60bd6f\" data-element_type=\"section\" data-settings='{\"background_background\":\"gradient\",\"shape_divider_bottom\":\"tilt\"}'>\n\t\t\t\t\t<div class=\"elementor-shape elementor-shape-bottom\" aria-hidden=\"true\" data-negative=\"false\">\n\t\t\t<svg xmlns=\"http:\/\/www.w3.org\/2000\/svg\" viewbox=\"0 0 1000 100\" preserveaspectratio=\"none\">\n\t<path class=\"elementor-shape-fill\" d=\"M0,6V0h1000v100L0,6z\"><\/path>\n<\/svg>\t\t<\/div>\n\t\t\t\t\t<div class=\"elementor-container elementor-column-gap-default\">\n\t\t\t\t\t<div class=\"elementor-column elementor-col-100 elementor-top-column elementor-element elementor-element-38f5d25\" data-id=\"38f5d25\" data-element_type=\"column\">\n\t\t\t<div class=\"elementor-widget-wrap elementor-element-populated\">\n\t\t\t\t\t\t<div class=\"elementor-element elementor-element-f6cdcab elementor-widget elementor-widget-hub_fancy_heading\" data-id=\"f6cdcab\" data-element_type=\"widget\" data-widget_type=\"hub_fancy_heading.default\">\n\t\t\t\t<div class=\"elementor-widget-container\">\n\t\t\t\t\t\n\t\t<div id=\"ld-fancy-heading-69d45982d0d33\" class=\"ld-fancy-heading pos-rel\">\n\t\t\t<h1 class=\"ld-fh-element d-inline-block pos-rel  elementor-heading-title lqd-highlight-classic lqd-highlight-grow-left h1\"> Our Story<\/h1>\t\t<\/div>\n\n\t\t\t\t\t\t<\/div>\n\t\t\t\t<\/div>\n\t\t\t\t\t<\/div>\n\t\t<\/div>\n\t\t\t\t\t<\/div>\n\t\t<\/section>\n\t\t\t\t<section class=\"elementor-section elementor-top-section elementor-element elementor-element-172b2e9a elementor-section-boxed elementor-section-height-default elementor-section-height-default\" data-id=\"172b2e9a\" data-element_type=\"section\">\n\t\t\t\t\t\t<div class=\"elementor-container elementor-column-gap-default\">\n\t\t\t\t\t<div class=\"elementor-column elementor-col-100 elementor-top-column elementor-element elementor-element-5fd55688\" data-id=\"5fd55688\" data-element_type=\"column\">\n\t\t\t<div class=\"elementor-widget-wrap\">\n\t\t\t\t\t\t\t<\/div>\n\t\t<\/div>\n\t\t\t\t\t<\/div>\n\t\t<\/section>\n\t\t\t\t<section class=\"elementor-section elementor-top-section elementor-element elementor-element-61c988a elementor-hidden-desktop elementor-hidden-tablet elementor-hidden-mobile elementor-section-boxed elementor-section-height-default elementor-section-height-default\" data-id=\"61c988a\" data-element_type=\"section\">\n\t\t\t\t\t\t<div class=\"elementor-container elementor-column-gap-default\">\n\t\t\t\t\t<div class=\"elementor-column elementor-col-100 elementor-top-column elementor-element elementor-element-44dac8a\" data-id=\"44dac8a\" data-element_type=\"column\">\n\t\t\t<div class=\"elementor-widget-wrap elementor-element-populated\">\n\t\t\t\t\t\t<div class=\"elementor-element elementor-element-eaee059 elementor-widget__width-initial elementor-widget elementor-widget-ld_roadmap\" data-id=\"eaee059\" data-element_type=\"widget\" data-widget_type=\"ld_roadmap.default\">\n\t\t\t\t<div class=\"elementor-widget-container\">\n\t\t\t\t\t\t\t<div id=\"lqd-roadmap-eaee059\" class=\"lqd-roadmap\">\n\n\t\t\t<div class=\"lqd-roadmap-inner\">\n\t\t\t\t\t\t\t\t\t\t<div class=\"lqd-roadmap-item d-flex flex-wrap align-items-center pos-rel text-start elementor-repeater-item-1febf5b\">\n\n\t\t\t\t\t\t\t<span class=\"lqd-roadmap-bar lqd-overlay border-radius-circle\"><\/span>\n\n\t\t\t\t\t\t\t<div class=\"lqd-roadmap-info\">\n\t\t\t\t\t\t\t\t<p><span style=\"font-weight: 400;\">PROJERA, &#351;irketlere, <\/span><b>s&uuml;rekli geli&#351;im ve iyile&#351;tirme<\/b><span style=\"font-weight: 400;\">, <\/span><b>yal&#305;n d&uuml;&#351;&uuml;nce ve &ccedil;evik &ccedil;er&ccedil;eveler<\/b><span style=\"font-weight: 400;\">, <\/span><b>kurumun kendisine &ouml;zel geli&#351;im-iyile&#351;tirme-olgunla&#351;ma programlar&#305;<\/b><span style=\"font-weight: 400;\">, <\/span><b>belirli frekanslarda kontroller<\/b><span style=\"font-weight: 400;\"> ve <\/span><b>yol haritas&#305;<\/b><span style=\"font-weight: 400;\"> alan&#305;nda, dan&#305;&#351;manl&#305;k faaliyetleri y&uuml;r&uuml;tmektedir.&nbsp;<\/span><\/p>\n\t\t\t\t\t\t\t<\/div>\n\n\t\t\t\t\t\t\t<span class=\"lqd-roadmap-mark d-inline-flex align-items-center justify-content-center ms-auto\">\n\t\t\t\t\t\t\t\t\t\t\t\t\t\t\t<\/span>\n\n\t\t\t\t\t\t<\/div>\n\t\t\t\t\t\t\t\t\t\t\t\t<div class=\"lqd-roadmap-item d-flex flex-wrap align-items-center pos-rel text-start elementor-repeater-item-591a815\">\n\n\t\t\t\t\t\t\t<span class=\"lqd-roadmap-bar lqd-overlay border-radius-circle\"><\/span>\n\n\t\t\t\t\t\t\t<div class=\"lqd-roadmap-info\">\n\t\t\t\t\t\t\t\t<p><span style=\"font-weight: 400;\">Ayn&#305; zamanda <\/span><b>SDLC olgunlu&#287;una<\/b><span style=\"font-weight: 400;\">, <\/span><b>y&ouml;netim becerilerinin geli&#351;tirilmesine<\/b><span style=\"font-weight: 400;\"> ve <\/span><b>&#351;irket stratejilerine<\/b><span style=\"font-weight: 400;\"> de odaklan&#305;r.<\/span><\/p>\n\t\t\t\t\t\t\t<\/div>\n\n\t\t\t\t\t\t\t<span class=\"lqd-roadmap-mark d-inline-flex align-items-center justify-content-center ms-auto\">\n\t\t\t\t\t\t\t\t\t\t\t\t\t\t\t<\/span>\n\n\t\t\t\t\t\t<\/div>\n\t\t\t\t\t\t\t\t\t\t\t\t<div class=\"lqd-roadmap-item d-flex flex-wrap align-items-center pos-rel text-start elementor-repeater-item-9e04af3\">\n\n\t\t\t\t\t\t\t<span class=\"lqd-roadmap-bar lqd-overlay border-radius-circle\"><\/span>\n\n\t\t\t\t\t\t\t<div class=\"lqd-roadmap-info\">\n\t\t\t\t\t\t\t\t<p><span style=\"font-weight: 400;\">Ayr&#305;ca <\/span><b>yaz&#305;l&#305;m<\/b><span style=\"font-weight: 400;\">, <\/span><b>proje y&ouml;netimi<\/b><span style=\"font-weight: 400;\">, <\/span><b>i&#351; analizi<\/b><span style=\"font-weight: 400;\"> ve <\/span><b>liderlik<\/b><span style=\"font-weight: 400;\"> konular&#305;nda uluslararas&#305; standartlara dayal&#305; e&#287;itimler ve &ouml;zel tasar&#305;m &ccedil;al&#305;&#351;malar sunar. &Ccedil;al&#305;&#351;anlar&#305;n&#305;n sekt&ouml;rel deneyimleri, y&ouml;netsel ve dikey uzmanl&#305;klar&#305;, bu konularda farkl&#305; bir bak&#305;&#351; a&ccedil;&#305;s&#305; sunmalar&#305;na olanak sa&#287;lamaktad&#305;r.<\/span><\/p>\n\t\t\t\t\t\t\t<\/div>\n\n\t\t\t\t\t\t\t<span class=\"lqd-roadmap-mark d-inline-flex align-items-center justify-content-center ms-auto\">\n\t\t\t\t\t\t\t\t\t\t\t\t\t\t\t<\/span>\n\n\t\t\t\t\t\t<\/div>\n\t\t\t\t\t\t\t\t\t\t\t\t<div class=\"lqd-roadmap-item d-flex flex-wrap align-items-center pos-rel text-start elementor-repeater-item-072ee43\">\n\n\t\t\t\t\t\t\t<span class=\"lqd-roadmap-bar lqd-overlay border-radius-circle\"><\/span>\n\n\t\t\t\t\t\t\t<div class=\"lqd-roadmap-info\">\n\t\t\t\t\t\t\t\t<p><span style=\"font-weight: 400;\">PROJERA, dan&#305;&#351;manl&#305;&#287;&#305;n&#305; yapt&#305;&#287;&#305; &#351;irketlerin ki&#351;isel, ekip ve organizasyon yap&#305;lar&#305;n&#305;n yan&#305; s&#305;ra t&uuml;m &#351;irket rol ve sorumluluklar&#305;nda yer alan ki&#351;ilerin geli&#351;tirilmesine ve iyile&#351;tirilmesine de odaklanmaktad&#305;r.<\/span><\/p>\n\t\t\t\t\t\t\t<\/div>\n\n\t\t\t\t\t\t\t<span class=\"lqd-roadmap-mark d-inline-flex align-items-center justify-content-center ms-auto\">\n\t\t\t\t\t\t\t\t\t\t\t\t\t\t\t<\/span>\n\n\t\t\t\t\t\t<\/div>\n\t\t\t\t\t\t\t\t\t\t\t\t<div class=\"lqd-roadmap-item d-flex flex-wrap align-items-center pos-rel text-start elementor-repeater-item-fdc55ec\">\n\n\t\t\t\t\t\t\t<span class=\"lqd-roadmap-bar lqd-overlay border-radius-circle\"><\/span>\n\n\t\t\t\t\t\t\t<div class=\"lqd-roadmap-info\">\n\t\t\t\t\t\t\t\t<p><span style=\"font-weight: 400;\">PROJERA; bankac&#305;l&#305;k, telekom&uuml;nikasyon, medya, teknoloji, sigortac&#305;l&#305;k, e-ticaret, h&#305;zl&#305; t&uuml;ketim, sanayi, &uuml;retim gibi farkl&#305; sekt&ouml;rlerdeki i&#351; ortaklar&#305; i&ccedil;in &Ccedil;evik D&ouml;n&uuml;&#351;&uuml;m (Agile Transformation) projelerini tamamlam&#305;&#351; ve T&uuml;rkiye'de &Ccedil;evik k&uuml;lt&uuml;r&uuml;n&uuml;n tan&#305;t&#305;lmas&#305;nda lider olmaya devam etmektedir.<\/span><\/p>\n\t\t\t\t\t\t\t<\/div>\n\n\t\t\t\t\t\t\t<span class=\"lqd-roadmap-mark d-inline-flex align-items-center justify-content-center ms-auto\">\n\t\t\t\t\t\t\t\t\t\t\t\t\t\t\t<\/span>\n\n\t\t\t\t\t\t<\/div>\n\t\t\t\t\t\t\t\t\t\t\t\t<div class=\"lqd-roadmap-item d-flex flex-wrap align-items-center pos-rel text-start elementor-repeater-item-d1636e5\">\n\n\t\t\t\t\t\t\t<span class=\"lqd-roadmap-bar lqd-overlay border-radius-circle\"><\/span>\n\n\t\t\t\t\t\t\t<div class=\"lqd-roadmap-info\">\n\t\t\t\t\t\t\t\t<p><span style=\"font-weight: 400;\">PROJERA'n&#305;n t&uuml;m &ccedil;al&#305;&#351;malar&#305; fayda ve de&#287;er yaratmaya odakl&#305; olup, ortaklar&#305; ile i&#351; birli&#287;i i&ccedil;inde y&uuml;r&uuml;t&uuml;lmektedir. Sadece bir b&ouml;l&uuml;m&uuml;n performans&#305;n&#305;n geli&#351;tirilmesi ve art&#305;r&#305;lmas&#305;n&#305;n asla yeterli olmayaca&#287;&#305;n&#305; savunur ve &#351;irketlerin b&uuml;t&uuml;nsel geli&#351;imine y&ouml;nelik dan&#305;&#351;manl&#305;k faaliyetlerini &ouml;nerir.<\/span><\/p>\n\t\t\t\t\t\t\t<\/div>\n\n\t\t\t\t\t\t\t<span class=\"lqd-roadmap-mark d-inline-flex align-items-center justify-content-center ms-auto\">\n\t\t\t\t\t\t\t\t\t\t\t\t\t\t\t<\/span>\n\n\t\t\t\t\t\t<\/div>\n\t\t\t\t\t\t\t\t\t<\/div>\n\n\t\t<\/div>\n\n\t\t\t\t\t\t<\/div>\n\t\t\t\t<\/div>\n\t\t\t\t\t<\/div>\n\t\t<\/div>\n\t\t\t\t\t<\/div>\n\t\t<\/section>\n\t\t\t\t<\/div>\n\t\t<\/body><\/html>\n","protected":false},"excerpt":{"rendered":"<p>Our Story PROJERA conducts consulting activities in the areas of continuous improvement and enhancement, lean thinking and agile frameworks, customized development-improvement-maturity programs for the organization, periodic checks, and roadmaps. It also focuses on SDLC maturity, management skills development, and company strategies. Additionally, it offers training based on international standards in software, project management, business analysis, [&hellip;]<\/p>\n","protected":false},"author":4,"featured_media":0,"parent":0,"menu_order":0,"comment_status":"closed","ping_status":"closed","template":"","meta":{"_joinchat":[],"footnotes":""},"categories":[],"tags":[],"class_list":["post-14699","page","type-page","status-publish","hentry"],"yoast_head":"<!-- This site is optimized with the Yoast SEO plugin v27.0 - https:\/\/yoast.com\/product\/yoast-seo-wordpress\/ -->\n<title>Our Story - Projera Institute<\/title>\n<meta name=\"robots\" content=\"index, follow, max-snippet:-1, max-image-preview:large, max-video-preview:-1\" \/>\n<link rel=\"canonical\" href=\"https:\/\/institute.projera.com\/hikayemiz\/\" \/>\n<meta property=\"og:locale\" content=\"en_US\" \/>\n<meta property=\"og:type\" content=\"article\" \/>\n<meta property=\"og:title\" content=\"Our Story - Projera Institute\" \/>\n<meta property=\"og:description\" content=\"Our Story PROJERA conducts consulting activities in the areas of continuous improvement and enhancement, lean thinking and agile frameworks, customized development-improvement-maturity programs for the organization, periodic checks, and roadmaps. It also focuses on SDLC maturity, management skills development, and company strategies. Additionally, it offers training based on international standards in software, project management, business analysis, [&hellip;]\" \/>\n<meta property=\"og:url\" content=\"https:\/\/institute.projera.com\/hikayemiz\/\" \/>\n<meta property=\"og:site_name\" content=\"Projera Institute\" \/>\n<meta property=\"article:modified_time\" content=\"2023-10-28T21:08:36+00:00\" \/>\n<meta name=\"twitter:card\" content=\"summary_large_image\" \/>\n<meta name=\"twitter:label1\" content=\"Est. reading time\" \/>\n\t<meta name=\"twitter:data1\" content=\"2 minutes\" \/>\n<script type=\"application\/ld+json\" class=\"yoast-schema-graph\">{\"@context\":\"https:\/\/schema.org\",\"@graph\":[{\"@type\":\"WebPage\",\"@id\":\"https:\/\/institute.projera.com\/hikayemiz\/\",\"url\":\"https:\/\/institute.projera.com\/hikayemiz\/\",\"name\":\"Our Story - Projera Institute\",\"isPartOf\":{\"@id\":\"https:\/\/institute.projera.com\/en\/#website\"},\"datePublished\":\"2022-11-22T21:22:36+00:00\",\"dateModified\":\"2023-10-28T21:08:36+00:00\",\"breadcrumb\":{\"@id\":\"https:\/\/institute.projera.com\/hikayemiz\/#breadcrumb\"},\"inLanguage\":\"en-US\",\"potentialAction\":[{\"@type\":\"ReadAction\",\"target\":[\"https:\/\/institute.projera.com\/hikayemiz\/\"]}]},{\"@type\":\"BreadcrumbList\",\"@id\":\"https:\/\/institute.projera.com\/hikayemiz\/#breadcrumb\",\"itemListElement\":[{\"@type\":\"ListItem\",\"position\":1,\"name\":\"Home\",\"item\":\"https:\/\/institute.projera.com\/en\/\"},{\"@type\":\"ListItem\",\"position\":2,\"name\":\"Our Story\"}]},{\"@type\":\"WebSite\",\"@id\":\"https:\/\/institute.projera.com\/en\/#website\",\"url\":\"https:\/\/institute.projera.com\/en\/\",\"name\":\"Projera Institute Online & Kurumsal E\u011fitim Platformu\",\"description\":\"Yar\u0131n \u0130\u00e7in, Bug\u00fcn \u00d6\u011fren\",\"publisher\":{\"@id\":\"https:\/\/institute.projera.com\/en\/#organization\"},\"alternateName\":\"Kariyerinizde Y\u00fckselin\",\"potentialAction\":[{\"@type\":\"SearchAction\",\"target\":{\"@type\":\"EntryPoint\",\"urlTemplate\":\"https:\/\/institute.projera.com\/en\/?s={search_term_string}\"},\"query-input\":{\"@type\":\"PropertyValueSpecification\",\"valueRequired\":true,\"valueName\":\"search_term_string\"}}],\"inLanguage\":\"en-US\"},{\"@type\":\"Organization\",\"@id\":\"https:\/\/institute.projera.com\/en\/#organization\",\"name\":\"Projera Institute\",\"url\":\"https:\/\/institute.projera.com\/en\/\",\"logo\":{\"@type\":\"ImageObject\",\"inLanguage\":\"en-US\",\"@id\":\"https:\/\/institute.projera.com\/en\/#\/schema\/logo\/image\/\",\"url\":\"https:\/\/institute.projera.com\/wp-content\/uploads\/2021\/05\/Projera-pink.svg\",\"contentUrl\":\"https:\/\/institute.projera.com\/wp-content\/uploads\/2021\/05\/Projera-pink.svg\",\"width\":512,\"height\":512,\"caption\":\"Projera Institute\"},\"image\":{\"@id\":\"https:\/\/institute.projera.com\/en\/#\/schema\/logo\/image\/\"},\"sameAs\":[\"https:\/\/instagram.com\/projeraofficial\"]}]}<\/script>\n<!-- \/ Yoast SEO plugin. -->","yoast_head_json":{"title":"Our Story - Projera Institute","robots":{"index":"index","follow":"follow","max-snippet":"max-snippet:-1","max-image-preview":"max-image-preview:large","max-video-preview":"max-video-preview:-1"},"canonical":"https:\/\/institute.projera.com\/hikayemiz\/","og_locale":"en_US","og_type":"article","og_title":"Our Story - Projera Institute","og_description":"Our Story PROJERA conducts consulting activities in the areas of continuous improvement and enhancement, lean thinking and agile frameworks, customized development-improvement-maturity programs for the organization, periodic checks, and roadmaps. It also focuses on SDLC maturity, management skills development, and company strategies. Additionally, it offers training based on international standards in software, project management, business analysis, [&hellip;]","og_url":"https:\/\/institute.projera.com\/hikayemiz\/","og_site_name":"Projera Institute","article_modified_time":"2023-10-28T21:08:36+00:00","twitter_card":"summary_large_image","twitter_misc":{"Est. reading time":"2 minutes"},"schema":{"@context":"https:\/\/schema.org","@graph":[{"@type":"WebPage","@id":"https:\/\/institute.projera.com\/hikayemiz\/","url":"https:\/\/institute.projera.com\/hikayemiz\/","name":"Our Story - Projera Institute","isPartOf":{"@id":"https:\/\/institute.projera.com\/en\/#website"},"datePublished":"2022-11-22T21:22:36+00:00","dateModified":"2023-10-28T21:08:36+00:00","breadcrumb":{"@id":"https:\/\/institute.projera.com\/hikayemiz\/#breadcrumb"},"inLanguage":"en-US","potentialAction":[{"@type":"ReadAction","target":["https:\/\/institute.projera.com\/hikayemiz\/"]}]},{"@type":"BreadcrumbList","@id":"https:\/\/institute.projera.com\/hikayemiz\/#breadcrumb","itemListElement":[{"@type":"ListItem","position":1,"name":"Home","item":"https:\/\/institute.projera.com\/en\/"},{"@type":"ListItem","position":2,"name":"Our Story"}]},{"@type":"WebSite","@id":"https:\/\/institute.projera.com\/en\/#website","url":"https:\/\/institute.projera.com\/en\/","name":"Projera Institute Online & Kurumsal E\u011fitim Platformu","description":"Yar\u0131n \u0130\u00e7in, Bug\u00fcn \u00d6\u011fren","publisher":{"@id":"https:\/\/institute.projera.com\/en\/#organization"},"alternateName":"Kariyerinizde Y\u00fckselin","potentialAction":[{"@type":"SearchAction","target":{"@type":"EntryPoint","urlTemplate":"https:\/\/institute.projera.com\/en\/?s={search_term_string}"},"query-input":{"@type":"PropertyValueSpecification","valueRequired":true,"valueName":"search_term_string"}}],"inLanguage":"en-US"},{"@type":"Organization","@id":"https:\/\/institute.projera.com\/en\/#organization","name":"Projera Institute","url":"https:\/\/institute.projera.com\/en\/","logo":{"@type":"ImageObject","inLanguage":"en-US","@id":"https:\/\/institute.projera.com\/en\/#\/schema\/logo\/image\/","url":"https:\/\/institute.projera.com\/wp-content\/uploads\/2021\/05\/Projera-pink.svg","contentUrl":"https:\/\/institute.projera.com\/wp-content\/uploads\/2021\/05\/Projera-pink.svg","width":512,"height":512,"caption":"Projera Institute"},"image":{"@id":"https:\/\/institute.projera.com\/en\/#\/schema\/logo\/image\/"},"sameAs":["https:\/\/instagram.com\/projeraofficial"]}]}},"_links":{"self":[{"href":"https:\/\/institute.projera.com\/en\/wp-json\/wp\/v2\/pages\/14699","targetHints":{"allow":["GET"]}}],"collection":[{"href":"https:\/\/institute.projera.com\/en\/wp-json\/wp\/v2\/pages"}],"about":[{"href":"https:\/\/institute.projera.com\/en\/wp-json\/wp\/v2\/types\/page"}],"author":[{"embeddable":true,"href":"https:\/\/institute.projera.com\/en\/wp-json\/wp\/v2\/users\/4"}],"replies":[{"embeddable":true,"href":"https:\/\/institute.projera.com\/en\/wp-json\/wp\/v2\/comments?post=14699"}],"version-history":[{"count":0,"href":"https:\/\/institute.projera.com\/en\/wp-json\/wp\/v2\/pages\/14699\/revisions"}],"wp:attachment":[{"href":"https:\/\/institute.projera.com\/en\/wp-json\/wp\/v2\/media?parent=14699"}],"wp:term":[{"taxonomy":"category","embeddable":true,"href":"https:\/\/institute.projera.com\/en\/wp-json\/wp\/v2\/categories?post=14699"},{"taxonomy":"post_tag","embeddable":true,"href":"https:\/\/institute.projera.com\/en\/wp-json\/wp\/v2\/tags?post=14699"}],"curies":[{"name":"wp","href":"https:\/\/api.w.org\/{rel}","templated":true}]}}